{"id":26,"date":"2024-10-18T06:50:57","date_gmt":"2024-10-18T06:50:57","guid":{"rendered":"https:\/\/magic-media.ro\/biography\/"},"modified":"2025-07-21T08:44:45","modified_gmt":"2025-07-21T08:44:45","slug":"design-grafic","status":"publish","type":"page","link":"https:\/\/magic-media.ro\/en\/design-grafic\/","title":{"rendered":"Graphic Design"},"content":{"rendered":"<div data-elementor-type=\"wp-page\" data-elementor-id=\"26\" class=\"elementor elementor-26\">\n\t\t\t\t<div class=\"elementor-element elementor-element-9ac103b e-flex e-con-boxed e-con e-parent\" data-id=\"9ac103b\" data-element_type=\"container\" data-settings=\"{&quot;background_background&quot;:&quot;classic&quot;}\">\n\t\t\t\t\t<div class=\"e-con-inner\">\n\t\t\t\t<div class=\"elementor-element elementor-element-0f08163 elementor-widget elementor-widget-image\" data-id=\"0f08163\" data-element_type=\"widget\" data-widget_type=\"image.default\">\n\t\t\t\t<div class=\"elementor-widget-container\">\n\t\t\t\t\t\t\t\t\t\t\t\t\t\t\t<img fetchpriority=\"high\" decoding=\"async\" width=\"300\" height=\"212\" src=\"https:\/\/magic-media.ro\/wp-content\/uploads\/2024\/10\/alb-logo-01-300x212.png\" class=\"attachment-medium size-medium wp-image-1398\" alt=\"\" srcset=\"https:\/\/magic-media.ro\/wp-content\/uploads\/2024\/10\/alb-logo-01-300x212.png 300w, https:\/\/magic-media.ro\/wp-content\/uploads\/2024\/10\/alb-logo-01-1024x724.png 1024w, https:\/\/magic-media.ro\/wp-content\/uploads\/2024\/10\/alb-logo-01-768x543.png 768w, https:\/\/magic-media.ro\/wp-content\/uploads\/2024\/10\/alb-logo-01-1536x1086.png 1536w, https:\/\/magic-media.ro\/wp-content\/uploads\/2024\/10\/alb-logo-01-18x12.png 18w, https:\/\/magic-media.ro\/wp-content\/uploads\/2024\/10\/alb-logo-01.png 1754w\" sizes=\"(max-width: 300px) 100vw, 300px\" \/>\t\t\t\t\t\t\t\t\t\t\t\t\t\t\t<\/div>\n\t\t\t\t<\/div>\n\t\t\t\t<div class=\"elementor-element elementor-element-8a1085f elementor-invisible elementor-widget elementor-widget-heading\" data-id=\"8a1085f\" data-element_type=\"widget\" data-settings=\"{&quot;_animation&quot;:&quot;slideInLeft&quot;}\" data-widget_type=\"heading.default\">\n\t\t\t\t<div class=\"elementor-widget-container\">\n\t\t\t\t\t<h1 class=\"elementor-heading-title elementor-size-default\">Graphic Design<\/h1>\t\t\t\t<\/div>\n\t\t\t\t<\/div>\n\t\t\t\t<div class=\"elementor-element elementor-element-39dd2f0 elementor-widget elementor-widget-heading\" data-id=\"39dd2f0\" data-element_type=\"widget\" data-widget_type=\"heading.default\">\n\t\t\t\t<div class=\"elementor-widget-container\">\n\t\t\t\t\t<h2 class=\"elementor-heading-title elementor-size-default\">Professional Graphic Design Services<\/h2>\t\t\t\t<\/div>\n\t\t\t\t<\/div>\n\t\t\t\t<div class=\"elementor-element elementor-element-34698d3 elementor-widget-divider--view-line elementor-widget elementor-widget-divider\" data-id=\"34698d3\" data-element_type=\"widget\" data-widget_type=\"divider.default\">\n\t\t\t\t<div class=\"elementor-widget-container\">\n\t\t\t\t\t\t\t<div class=\"elementor-divider\">\n\t\t\t<span class=\"elementor-divider-separator\">\n\t\t\t\t\t\t<\/span>\n\t\t<\/div>\n\t\t\t\t\t\t<\/div>\n\t\t\t\t<\/div>\n\t\t\t\t\t<\/div>\n\t\t\t\t<\/div>\n\t\t<div class=\"elementor-element elementor-element-30ee16a e-con-full e-flex e-con e-parent\" data-id=\"30ee16a\" data-element_type=\"container\" data-settings=\"{&quot;background_background&quot;:&quot;classic&quot;}\">\n\t\t<div class=\"elementor-element elementor-element-3f714eb e-con-full e-flex e-con e-child\" data-id=\"3f714eb\" data-element_type=\"container\">\n\t\t\t\t<div class=\"elementor-element elementor-element-b79d0fd elementor-widget__width-inherit elementor-widget elementor-widget-image\" data-id=\"b79d0fd\" data-element_type=\"widget\" data-widget_type=\"image.default\">\n\t\t\t\t<div class=\"elementor-widget-container\">\n\t\t\t\t\t\t\t\t\t\t\t\t\t\t\t<img decoding=\"async\" width=\"771\" height=\"754\" src=\"https:\/\/magic-media.ro\/wp-content\/uploads\/2025\/04\/GD.png\" class=\"attachment-full size-full wp-image-1671\" alt=\"\" srcset=\"https:\/\/magic-media.ro\/wp-content\/uploads\/2025\/04\/GD.png 771w, https:\/\/magic-media.ro\/wp-content\/uploads\/2025\/04\/GD-300x293.png 300w, https:\/\/magic-media.ro\/wp-content\/uploads\/2025\/04\/GD-768x751.png 768w, https:\/\/magic-media.ro\/wp-content\/uploads\/2025\/04\/GD-12x12.png 12w\" sizes=\"(max-width: 771px) 100vw, 771px\" \/>\t\t\t\t\t\t\t\t\t\t\t\t\t\t\t<\/div>\n\t\t\t\t<\/div>\n\t\t\t\t<\/div>\n\t\t<div class=\"elementor-element elementor-element-872b5b1 e-con-full e-flex e-con e-child\" data-id=\"872b5b1\" data-element_type=\"container\">\n\t\t\t\t<div class=\"elementor-element elementor-element-e27ba76 elementor-widget elementor-widget-text-editor\" data-id=\"e27ba76\" data-element_type=\"widget\" data-widget_type=\"text-editor.default\">\n\t\t\t\t<div class=\"elementor-widget-container\">\n\t\t\t\t\t\t\t\t\t<p>We offer complete graphic design solutions \u2013 from logos and visual identities to promotional materials, catalogs, posters, and social media graphics. Creativity, speed, and results that make a difference!<\/p><p>The graphic design of specific visual elements, which together convey a coherent message about your business or project, forms the so-called visual identity. This is an integral and essential part of your communication strategy, whether in business or within the projects you implement.<\/p><p>To ensure an easier implementation of the rules that define your brand\u2019s visual identity, we also provide a clear systematization of these elements through documents such as usage guides or brand identity manuals.<\/p><ul><li class=\"\" data-start=\"589\" data-end=\"639\"><p class=\"translation-block\" data-start=\"591\" data-end=\"639\"><strong>Logo design<\/strong> \u2013 the symbol of your brand\u2019s essence<\/p><\/li><li class=\"\" data-start=\"640\" data-end=\"725\"><p class=\"translation-block\" data-start=\"642\" data-end=\"725\"><strong>Business cards &amp; personalized stationery<\/strong> \u2013 for a cohesive visual identity<\/p><\/li><li class=\"\" data-start=\"726\" data-end=\"793\"><p class=\"translation-block\" data-start=\"728\" data-end=\"793\"><strong>Brochures, catalogs &amp; flyers<\/strong> \u2013 for professional presentations<\/p><\/li><li class=\"\" data-start=\"794\" data-end=\"852\"><p class=\"translation-block\" data-start=\"796\" data-end=\"852\"><strong>Posters &amp; advertising banners<\/strong> \u2013 guaranteed visual impact<\/p><\/li><li class=\"\" data-start=\"853\" data-end=\"917\"><p class=\"translation-block\" data-start=\"855\" data-end=\"917\"><strong>Online banner design<\/strong> \u2013 for effective digital campaigns<\/p><\/li><li class=\"\" data-start=\"918\" data-end=\"973\"><p class=\"translation-block\" data-start=\"920\" data-end=\"973\"><strong>Packaging design<\/strong> \u2013 packaging that sells through visual appeal<\/p><\/li><li class=\"\" data-start=\"974\" data-end=\"1040\"><p class=\"translation-block\" data-start=\"976\" data-end=\"1040\"><strong>Social media templates<\/strong> \u2013 consistent and memorable presence<\/p><\/li><li class=\"\" data-start=\"1041\" data-end=\"1109\"><p class=\"translation-block\" data-start=\"1043\" data-end=\"1109\">Professional business presentations - clear, esthetic &amp; convincing<\/p><\/li><li class=\"\" data-start=\"1110\" data-end=\"1170\"><p class=\"translation-block\" data-start=\"1112\" data-end=\"1170\"><strong>Custom illustrations<\/strong> \u2013 applied art in visual communication<\/p><\/li><\/ul>\t\t\t\t\t\t\t\t<\/div>\n\t\t\t\t<\/div>\n\t\t\t\t<div class=\"elementor-element elementor-element-b2f1910 elementor-align-center elementor-widget elementor-widget-button\" data-id=\"b2f1910\" data-element_type=\"widget\" data-widget_type=\"button.default\">\n\t\t\t\t<div class=\"elementor-widget-container\">\n\t\t\t\t\t\t\t\t\t<div class=\"elementor-button-wrapper\">\n\t\t\t\t\t<a class=\"elementor-button elementor-button-link elementor-size-sm\" href=\"https:\/\/magic-media.ro\/en\/cerere-de-oferta\/\">\n\t\t\t\t\t\t<span class=\"elementor-button-content-wrapper\">\n\t\t\t\t\t\t\t\t\t<span class=\"elementor-button-text\">REQUEST A CUSTOM QUOTE<\/span>\n\t\t\t\t\t<\/span>\n\t\t\t\t\t<\/a>\n\t\t\t\t<\/div>\n\t\t\t\t\t\t\t\t<\/div>\n\t\t\t\t<\/div>\n\t\t\t\t<\/div>\n\t\t\t\t<\/div>\n\t\t\t\t<\/div>","protected":false},"excerpt":{"rendered":"<p>Design Grafic Servicii Design Grafic Profesionist Oferim solu\u021bii complete de design grafic \u2013 de la logo-uri \u0219i identitate vizual\u0103 p\u00e2n\u0103 la materiale promo\u021bionale, cataloage, afi\u0219e \u0219i grafic\u0103 pentru social media. Creativitate, rapiditate \u0219i rezultate care fac diferen\u021ba! Designul grafic al unor elemente vizuale specifice, care puse la un loc transmit un mesaj coerent despre afacerea [&hellip;]<\/p>","protected":false},"author":1,"featured_media":0,"parent":0,"menu_order":0,"comment_status":"closed","ping_status":"closed","template":"","meta":{"site-sidebar-layout":"no-sidebar","site-content-layout":"page-builder","ast-site-content-layout":"full-width-container","site-content-style":"unboxed","site-sidebar-style":"unboxed","ast-global-header-display":"","ast-banner-title-visibility":"","ast-main-header-display":"","ast-hfb-above-header-display":"","ast-hfb-below-header-display":"","ast-hfb-mobile-header-display":"","site-post-title":"disabled","ast-breadcrumbs-content":"disabled","ast-featured-img":"disabled","footer-sml-layout":"","theme-transparent-header-meta":"enabled","adv-header-id-meta":"","stick-header-meta":"","header-above-stick-meta":"","header-main-stick-meta":"","header-below-stick-meta":"","astra-migrate-meta-layouts":"set","ast-page-background-enabled":"default","ast-page-background-meta":{"desktop":{"background-color":"","background-image":"","background-repeat":"repeat","background-position":"center center","background-size":"auto","background-attachment":"scroll","background-type":"","background-media":"","overlay-type":"","overlay-color":"","overlay-opacity":"","overlay-gradient":""},"tablet":{"background-color":"","background-image":"","background-repeat":"repeat","background-position":"center center","background-size":"auto","background-attachment":"scroll","background-type":"","background-media":"","overlay-type":"","overlay-color":"","overlay-opacity":"","overlay-gradient":""},"mobile":{"background-color":"","background-image":"","background-repeat":"repeat","background-position":"center center","background-size":"auto","background-attachment":"scroll","background-type":"","background-media":"","overlay-type":"","overlay-color":"","overlay-opacity":"","overlay-gradient":""}},"ast-content-background-meta":{"desktop":{"background-color":"var(--ast-global-color-5)","background-image":"","background-repeat":"repeat","background-position":"center center","background-size":"auto","background-attachment":"scroll","background-type":"","background-media":"","overlay-type":"","overlay-color":"","overlay-opacity":"","overlay-gradient":""},"tablet":{"background-color":"var(--ast-global-color-5)","background-image":"","background-repeat":"repeat","background-position":"center center","background-size":"auto","background-attachment":"scroll","background-type":"","background-media":"","overlay-type":"","overlay-color":"","overlay-opacity":"","overlay-gradient":""},"mobile":{"background-color":"var(--ast-global-color-5)","background-image":"","background-repeat":"repeat","background-position":"center center","background-size":"auto","background-attachment":"scroll","background-type":"","background-media":"","overlay-type":"","overlay-color":"","overlay-opacity":"","overlay-gradient":""}},"footnotes":""},"class_list":["post-26","page","type-page","status-publish","hentry"],"aioseo_notices":[],"_links":{"self":[{"href":"https:\/\/magic-media.ro\/en\/wp-json\/wp\/v2\/pages\/26","targetHints":{"allow":["GET"]}}],"collection":[{"href":"https:\/\/magic-media.ro\/en\/wp-json\/wp\/v2\/pages"}],"about":[{"href":"https:\/\/magic-media.ro\/en\/wp-json\/wp\/v2\/types\/page"}],"author":[{"embeddable":true,"href":"https:\/\/magic-media.ro\/en\/wp-json\/wp\/v2\/users\/1"}],"replies":[{"embeddable":true,"href":"https:\/\/magic-media.ro\/en\/wp-json\/wp\/v2\/comments?post=26"}],"version-history":[{"count":0,"href":"https:\/\/magic-media.ro\/en\/wp-json\/wp\/v2\/pages\/26\/revisions"}],"wp:attachment":[{"href":"https:\/\/magic-media.ro\/en\/wp-json\/wp\/v2\/media?parent=26"}],"curies":[{"name":"wp","href":"https:\/\/api.w.org\/{rel}","templated":true}]}}