{"id":1995,"date":"2025-04-15T05:32:41","date_gmt":"2025-04-15T05:32:41","guid":{"rendered":"https:\/\/magic-media.ro\/?page_id=1995"},"modified":"2025-05-12T04:16:33","modified_gmt":"2025-05-12T04:16:33","slug":"blog","status":"publish","type":"page","link":"https:\/\/magic-media.ro\/en\/blog\/","title":{"rendered":"Blog"},"content":{"rendered":"<div data-elementor-type=\"wp-page\" data-elementor-id=\"1995\" class=\"elementor elementor-1995\">\n\t\t\t\t<div class=\"elementor-element elementor-element-b0c7686 e-flex e-con-boxed e-con e-parent\" data-id=\"b0c7686\" data-element_type=\"container\" data-settings=\"{&quot;background_background&quot;:&quot;classic&quot;}\">\n\t\t\t\t\t<div class=\"e-con-inner\">\n\t\t\t\t<div class=\"elementor-element elementor-element-61bb63c elementor-widget elementor-widget-image\" data-id=\"61bb63c\" data-element_type=\"widget\" data-widget_type=\"image.default\">\n\t\t\t\t<div class=\"elementor-widget-container\">\n\t\t\t\t\t\t\t\t\t\t\t\t\t\t\t<img fetchpriority=\"high\" decoding=\"async\" width=\"300\" height=\"212\" src=\"https:\/\/magic-media.ro\/wp-content\/uploads\/2024\/10\/alb-logo-01-300x212.png\" class=\"attachment-medium size-medium wp-image-1398\" alt=\"\" srcset=\"https:\/\/magic-media.ro\/wp-content\/uploads\/2024\/10\/alb-logo-01-300x212.png 300w, https:\/\/magic-media.ro\/wp-content\/uploads\/2024\/10\/alb-logo-01-1024x724.png 1024w, https:\/\/magic-media.ro\/wp-content\/uploads\/2024\/10\/alb-logo-01-768x543.png 768w, https:\/\/magic-media.ro\/wp-content\/uploads\/2024\/10\/alb-logo-01-1536x1086.png 1536w, https:\/\/magic-media.ro\/wp-content\/uploads\/2024\/10\/alb-logo-01-18x12.png 18w, https:\/\/magic-media.ro\/wp-content\/uploads\/2024\/10\/alb-logo-01.png 1754w\" sizes=\"(max-width: 300px) 100vw, 300px\" \/>\t\t\t\t\t\t\t\t\t\t\t\t\t\t\t<\/div>\n\t\t\t\t<\/div>\n\t\t\t\t<div class=\"elementor-element elementor-element-76905a9 elementor-widget elementor-widget-heading\" data-id=\"76905a9\" data-element_type=\"widget\" data-widget_type=\"heading.default\">\n\t\t\t\t<div class=\"elementor-widget-container\">\n\t\t\t\t\t<h1 class=\"elementor-heading-title elementor-size-default\">Blog<\/h1>\t\t\t\t<\/div>\n\t\t\t\t<\/div>\n\t\t\t\t<div class=\"elementor-element elementor-element-75521b6 elementor-widget-divider--view-line elementor-widget elementor-widget-divider\" data-id=\"75521b6\" data-element_type=\"widget\" data-widget_type=\"divider.default\">\n\t\t\t\t<div class=\"elementor-widget-container\">\n\t\t\t\t\t\t\t<div class=\"elementor-divider\">\n\t\t\t<span class=\"elementor-divider-separator\">\n\t\t\t\t\t\t<\/span>\n\t\t<\/div>\n\t\t\t\t\t\t<\/div>\n\t\t\t\t<\/div>\n\t\t\t\t\t<\/div>\n\t\t\t\t<\/div>\n\t\t<div class=\"elementor-element elementor-element-23dc3b3 e-flex e-con-boxed e-con e-parent\" data-id=\"23dc3b3\" data-element_type=\"container\">\n\t\t\t\t\t<div class=\"e-con-inner\">\n\t\t\t\t<div class=\"elementor-element elementor-element-84f7665 elementor-widget elementor-widget-ucaddon_uc_card_post_carousel\" data-id=\"84f7665\" data-element_type=\"widget\" data-widget_type=\"ucaddon_uc_card_post_carousel.default\">\n\t\t\t\t<div class=\"elementor-widget-container\">\n\t\t\t\t\t\n<!-- start Post Carousel Lite -->\n\t\t<link id='font-awesome-css' href='https:\/\/magic-media.ro\/wp-content\/plugins\/unlimited-elements-for-elementor\/assets_libraries\/font-awesome6\/fontawesome-all.min.css' type='text\/css' rel='stylesheet' >\n\t\t<link id='font-awesome-4-shim-css' href='https:\/\/magic-media.ro\/wp-content\/plugins\/unlimited-elements-for-elementor\/assets_libraries\/font-awesome6\/fontawesome-v4-shims.min.css' type='text\/css' rel='stylesheet' >\n\t\t<link id='owl-carousel-css' href='https:\/\/magic-media.ro\/wp-content\/plugins\/unlimited-elements-for-elementor\/assets_libraries\/owl-carousel-new\/assets\/owl.carousel.css' type='text\/css' rel='stylesheet' >\n\n<style>\/* widget: Post Carousel Lite *\/\n\n#uc_uc_card_post_carousel_elementor_84f7665 *{\n  box-sizing:border-box;\n}\n#uc_uc_card_post_carousel_elementor_84f7665{\n  position:relative;\n  min-height:1px;\n}\n#uc_uc_card_post_carousel_elementor_84f7665 .uc_image_carousel_content{\n\ttext-align:center;\n    display: flex;\n     flex-flow: column nowrap;\n}\n#uc_uc_card_post_carousel_elementor_84f7665 .ue_post_carousel_item\n{\n  overflow:hidden;\n  \n}\n#uc_uc_card_post_carousel_elementor_84f7665 .uc_image_carousel_bg {\n  background-repeat: no-repeat;\n}\n#uc_uc_card_post_carousel_elementor_84f7665 .uc_image_carousel_placeholder a{\n  width:100%;\n}\n#uc_uc_card_post_carousel_elementor_84f7665 .uc_image_carousel_bg{\n  width:100%;\n}\n#uc_uc_card_post_carousel_elementor_84f7665 .uc_image_carousel_placeholder{\n  overflow:hidden;\n}\n\n#uc_uc_card_post_carousel_elementor_84f7665 .ue_post_btn_holder\n{\n  margin-top:auto;\n}\n\n#uc_uc_card_post_carousel_elementor_84f7665 .uc_more_btn{\n\n  display:inline-block;\n  text-align:center;\n  text-decoration:none;\n} \n\n.uc_overlay_image_carousel .uc_more_btn{\n  text-decoration:none;\n  display:inline-block;\n}\n\n.uc_overlay_image_carousel .uc_post_title{\n  font-size:21px;\n  text-decoration:none;\n}\n\n#uc_uc_card_post_carousel_elementor_84f7665 .owl-nav .owl-prev{\n    position:absolute;\n    display:inline-block;\n    text-align:center;\n}\n#uc_uc_card_post_carousel_elementor_84f7665 .owl-nav .owl-next{\n  position:absolute;\n  display:inline-block;\n  text-align:center;\n}\n\n\n#uc_uc_card_post_carousel_elementor_84f7665 .owl-dots {\noverflow:hidden;\ndisplay:true !important;\ntext-align:center;\n}\n\n#uc_uc_card_post_carousel_elementor_84f7665 .owl-dot {\nborder-radius:50%;\ndisplay:inline-block;\n}\n\t#uc_uc_card_post_carousel_elementor_84f7665 .owl-stage\n        {\n            transition-timing-function: linear!important;\n        }\n\n\n\n<\/style>\n\n<div class=\"uc_overlay_image_carousel\" id=\"uc_uc_card_post_carousel_elementor_84f7665\" data-custom-sethtml=\"true\" >\n   <div class=\"uc_carousel owl-carousel owl-theme uc-items-wrapper\">\n   \t\t<div id=\"uc_uc_card_post_carousel_elementor_84f7665_item1\" class=\"uc_image_carousel_container_holder ue_post_carousel_item ue-Web Design\">\n  <div class=\"uc_image_carousel_placeholder\">\n    <a href=\"https:\/\/magic-media.ro\/en\/5-semne-ca-website-ul-tau-iti-omoara-afacerea-incet-dar-sigur\/\"><div class=\"uc_image_carousel_bg\" style=\"background-image:url(https:\/\/magic-media.ro\/wp-content\/uploads\/2025\/07\/postare-25-iulie-768x768.jpg); background-position:center;\"><\/div><\/a>\n  <\/div>\n\n  <div class=\"uc_image_carousel_content\" >\n                <a href=\"https:\/\/magic-media.ro\/en\/5-semne-ca-website-ul-tau-iti-omoara-afacerea-incet-dar-sigur\/\" style=\"text-decoration:none;\"><div class=\"uc_post_title\" style=\"text-decoration:none;\">5 semne c\u0103 website-ul t\u0103u \u00ee\u021bi omoar\u0103 afacerea \u00eencet, dar sigur<\/div><\/a>    <div class=\"ue_post_intro\">Fie vorba \u00eentre noi, de c\u00e2te ori ai intrat pe un site care te-a f\u0103cut s\u0103 \u00eenchizi fereastra instant? Ei...<\/div>    \n    <div class=\"ue_post_btn_holder\"><a class=\"uc_more_btn ue-dynamic-popup-single\" href='https:\/\/magic-media.ro\/en\/5-semne-ca-website-ul-tau-iti-omoara-afacerea-incet-dar-sigur\/' target=\"_self\">Citeste<\/a><\/div>    \n  <\/div>\n  \n    \n<\/div>\n<div id=\"uc_uc_card_post_carousel_elementor_84f7665_item2\" class=\"uc_image_carousel_container_holder ue_post_carousel_item ue-Web Design\">\n  <div class=\"uc_image_carousel_placeholder\">\n    <a href=\"https:\/\/magic-media.ro\/en\/cat-costa-un-website-in-2025\/\"><div class=\"uc_image_carousel_bg\" style=\"background-image:url(https:\/\/magic-media.ro\/wp-content\/uploads\/2025\/07\/postare-21-iulie-768x768.jpg); background-position:center;\"><\/div><\/a>\n  <\/div>\n\n  <div class=\"uc_image_carousel_content\" >\n                <a href=\"https:\/\/magic-media.ro\/en\/cat-costa-un-website-in-2025\/\" style=\"text-decoration:none;\"><div class=\"uc_post_title\" style=\"text-decoration:none;\">C\u00e2t cost\u0103 un website \u00een 2025?<\/div><\/a>    <div class=\"ue_post_intro\">Ghid Transparent Pentru Antreprenori \u2013 Majoritatea antreprenorilor \u00eentreab\u0103, pe bun\u0103 dreptate, c\u00e2t cost\u0103...<\/div>    \n    <div class=\"ue_post_btn_holder\"><a class=\"uc_more_btn ue-dynamic-popup-single\" href='https:\/\/magic-media.ro\/en\/cat-costa-un-website-in-2025\/' target=\"_self\">Citeste<\/a><\/div>    \n  <\/div>\n  \n    \n<\/div>\n<div id=\"uc_uc_card_post_carousel_elementor_84f7665_item3\" class=\"uc_image_carousel_container_holder ue_post_carousel_item ue-Uncategorized\">\n  <div class=\"uc_image_carousel_placeholder\">\n    <a href=\"https:\/\/magic-media.ro\/en\/arta-optimizarii-conversiilor-cum-iti-poate-creste-real-afacerea\/\"><div class=\"uc_image_carousel_bg\" style=\"background-image:url(https:\/\/magic-media.ro\/wp-content\/uploads\/2025\/05\/arta-optimizarii-conversiilor-768x768.jpg); background-position:center;\"><\/div><\/a>\n  <\/div>\n\n  <div class=\"uc_image_carousel_content\" >\n                <a href=\"https:\/\/magic-media.ro\/en\/arta-optimizarii-conversiilor-cum-iti-poate-creste-real-afacerea\/\" style=\"text-decoration:none;\"><div class=\"uc_post_title\" style=\"text-decoration:none;\">Arta optimiz\u0103rii conversiilor \u2013 cum \u00ee\u021bi poate cre\u0219te real afacerea<\/div><\/a>    <div class=\"ue_post_intro\">Ai produse sau servicii excelente. Ai muncit, ai investit, poate ai f\u0103cut deja post\u0103ri pe Facebook sau...<\/div>    \n    <div class=\"ue_post_btn_holder\"><a class=\"uc_more_btn ue-dynamic-popup-single\" href='https:\/\/magic-media.ro\/en\/arta-optimizarii-conversiilor-cum-iti-poate-creste-real-afacerea\/' target=\"_self\">Citeste<\/a><\/div>    \n  <\/div>\n  \n    \n<\/div>\n<div id=\"uc_uc_card_post_carousel_elementor_84f7665_item4\" class=\"uc_image_carousel_container_holder ue_post_carousel_item ue-Uncategorized\">\n  <div class=\"uc_image_carousel_placeholder\">\n    <a href=\"https:\/\/magic-media.ro\/en\/3-reguli-de-baza-in-designul-unui-logo-de-succes\/\"><div class=\"uc_image_carousel_bg\" style=\"background-image:url(https:\/\/magic-media.ro\/wp-content\/uploads\/2025\/05\/postare-10-mai-768x768.jpg); background-position:center;\"><\/div><\/a>\n  <\/div>\n\n  <div class=\"uc_image_carousel_content\" >\n                <a href=\"https:\/\/magic-media.ro\/en\/3-reguli-de-baza-in-designul-unui-logo-de-succes\/\" style=\"text-decoration:none;\"><div class=\"uc_post_title\" style=\"text-decoration:none;\">3 reguli de baz\u0103 \u00een designul unui logo de succes<\/div><\/a>    <div class=\"ue_post_intro\">Logo-ul nu este doar o imagine. Este fa\u021ba brandului t\u0103u. Un logo reu\u0219it transmite identitate, genereaz\u0103...<\/div>    \n    <div class=\"ue_post_btn_holder\"><a class=\"uc_more_btn ue-dynamic-popup-single\" href='https:\/\/magic-media.ro\/en\/3-reguli-de-baza-in-designul-unui-logo-de-succes\/' target=\"_self\">Citeste<\/a><\/div>    \n  <\/div>\n  \n    \n<\/div>\n<div id=\"uc_uc_card_post_carousel_elementor_84f7665_item5\" class=\"uc_image_carousel_container_holder ue_post_carousel_item ue-Uncategorized\">\n  <div class=\"uc_image_carousel_placeholder\">\n    <a href=\"https:\/\/magic-media.ro\/en\/ce-pagini-ar-trebui-sa-contina-obligatoriu-website-ul-tau\/\"><div class=\"uc_image_carousel_bg\" style=\"background-image:url(https:\/\/magic-media.ro\/wp-content\/uploads\/2025\/05\/pagini-esent\u0326iale-website-768x768.jpg); background-position:center;\"><\/div><\/a>\n  <\/div>\n\n  <div class=\"uc_image_carousel_content\" >\n                <a href=\"https:\/\/magic-media.ro\/en\/ce-pagini-ar-trebui-sa-contina-obligatoriu-website-ul-tau\/\" style=\"text-decoration:none;\"><div class=\"uc_post_title\" style=\"text-decoration:none;\">Ce pagini ar trebui s\u0103 con\u021bin\u0103, obligatoriu, website-ul t\u0103u?<\/div><\/a>    <div class=\"ue_post_intro\">Dac\u0103 \u00ee\u021bi faci un site pentru afacerea ta, e normal s\u0103 te \u00eentrebi: Ce pagini sunt absolut necesare? Po\u021bi...<\/div>    \n    <div class=\"ue_post_btn_holder\"><a class=\"uc_more_btn ue-dynamic-popup-single\" href='https:\/\/magic-media.ro\/en\/ce-pagini-ar-trebui-sa-contina-obligatoriu-website-ul-tau\/' target=\"_self\">Citeste<\/a><\/div>    \n  <\/div>\n  \n    \n<\/div>\n<div id=\"uc_uc_card_post_carousel_elementor_84f7665_item6\" class=\"uc_image_carousel_container_holder ue_post_carousel_item ue-Uncategorized\">\n  <div class=\"uc_image_carousel_placeholder\">\n    <a href=\"https:\/\/magic-media.ro\/en\/imaginea-coerenta-si-unitara-un-detaliu-sau-un-diferentiator-major\/\"><div class=\"uc_image_carousel_bg\" style=\"background-image:url(https:\/\/magic-media.ro\/wp-content\/uploads\/2025\/05\/magic-media-post-7-mai-768x768.jpg); background-position:center;\"><\/div><\/a>\n  <\/div>\n\n  <div class=\"uc_image_carousel_content\" >\n                <a href=\"https:\/\/magic-media.ro\/en\/imaginea-coerenta-si-unitara-un-detaliu-sau-un-diferentiator-major\/\" style=\"text-decoration:none;\"><div class=\"uc_post_title\" style=\"text-decoration:none;\">Imaginea coerent\u0103 \u0219i unitar\u0103 \u2013 un detaliu sau un diferen\u021biator major?<\/div><\/a>    <div class=\"ue_post_intro\">Te-ai \u00eentrebat vreodat\u0103 c\u00e2t de important este ca toate elementele vizuale ale brandului t\u0103u s\u0103 arate...<\/div>    \n    <div class=\"ue_post_btn_holder\"><a class=\"uc_more_btn ue-dynamic-popup-single\" href='https:\/\/magic-media.ro\/en\/imaginea-coerenta-si-unitara-un-detaliu-sau-un-diferentiator-major\/' target=\"_self\">Citeste<\/a><\/div>    \n  <\/div>\n  \n    \n<\/div>\n<div id=\"uc_uc_card_post_carousel_elementor_84f7665_item7\" class=\"uc_image_carousel_container_holder ue_post_carousel_item ue-Uncategorized\">\n  <div class=\"uc_image_carousel_placeholder\">\n    <a href=\"https:\/\/magic-media.ro\/en\/de-ce-ai-nevoie-de-identitate-vizuala-ca-sa-ti-cresti-afacerea\/\"><div class=\"uc_image_carousel_bg\" style=\"background-image:url(https:\/\/magic-media.ro\/wp-content\/uploads\/2025\/04\/postare-19-aprl-768x768.jpg); background-position:center;\"><\/div><\/a>\n  <\/div>\n\n  <div class=\"uc_image_carousel_content\" >\n                <a href=\"https:\/\/magic-media.ro\/en\/de-ce-ai-nevoie-de-identitate-vizuala-ca-sa-ti-cresti-afacerea\/\" style=\"text-decoration:none;\"><div class=\"uc_post_title\" style=\"text-decoration:none;\">De ce ai nevoie de identitate vizual\u0103, pentru a-\u021bi cre\u0219te afacerea?<\/div><\/a>    <div class=\"ue_post_intro\">De ce ai nevoie de identitate vizual\u0103, ca s\u0103-\u021bi cre\u0219ti afacerea? \u201eNu-mi trebuie logo, branding sau alte...<\/div>    \n    <div class=\"ue_post_btn_holder\"><a class=\"uc_more_btn ue-dynamic-popup-single\" href='https:\/\/magic-media.ro\/en\/de-ce-ai-nevoie-de-identitate-vizuala-ca-sa-ti-cresti-afacerea\/' target=\"_self\">Citeste<\/a><\/div>    \n  <\/div>\n  \n    \n<\/div>\n<div id=\"uc_uc_card_post_carousel_elementor_84f7665_item8\" class=\"uc_image_carousel_container_holder ue_post_carousel_item ue-Identitate de Brand\">\n  <div class=\"uc_image_carousel_placeholder\">\n    <a href=\"https:\/\/magic-media.ro\/en\/importanta-fontului-bine-ales\/\"><div class=\"uc_image_carousel_bg\" style=\"background-image:url(https:\/\/magic-media.ro\/wp-content\/uploads\/2025\/04\/postare-blog-4-768x768.jpg); background-position:center;\"><\/div><\/a>\n  <\/div>\n\n  <div class=\"uc_image_carousel_content\" >\n                <a href=\"https:\/\/magic-media.ro\/en\/importanta-fontului-bine-ales\/\" style=\"text-decoration:none;\"><div class=\"uc_post_title\" style=\"text-decoration:none;\">Importan\u021ba fontului bine ales<\/div><\/a>    <div class=\"ue_post_intro\">Ce transmite fontul t\u0103u? Mai mult dec\u00e2t crezi. C\u00e2nd vine vorba de design, alegerea fontului pare o decizie...<\/div>    \n    <div class=\"ue_post_btn_holder\"><a class=\"uc_more_btn ue-dynamic-popup-single\" href='https:\/\/magic-media.ro\/en\/importanta-fontului-bine-ales\/' target=\"_self\">Citeste<\/a><\/div>    \n  <\/div>\n  \n    \n<\/div>\n<div id=\"uc_uc_card_post_carousel_elementor_84f7665_item9\" class=\"uc_image_carousel_container_holder ue_post_carousel_item ue-Uncategorized\">\n  <div class=\"uc_image_carousel_placeholder\">\n    <a href=\"https:\/\/magic-media.ro\/en\/strategie-de-brand-designul-tau-e-frumos-dar-nu-functioneaza\/\"><div class=\"uc_image_carousel_bg\" style=\"background-image:url(https:\/\/magic-media.ro\/wp-content\/uploads\/2025\/04\/strategia-de-brand-768x768.jpg); background-position:center;\"><\/div><\/a>\n  <\/div>\n\n  <div class=\"uc_image_carousel_content\" >\n                <a href=\"https:\/\/magic-media.ro\/en\/strategie-de-brand-designul-tau-e-frumos-dar-nu-functioneaza\/\" style=\"text-decoration:none;\"><div class=\"uc_post_title\" style=\"text-decoration:none;\">Strategie de brand? Designul t\u0103u e frumos, dar nu func\u021bioneaz\u0103...<\/div><\/a>    <div class=\"ue_post_intro\">Po\u021bi avea cel mai cool logo, cea mai curat\u0103 palet\u0103 de culori \u0219i un font care spune \u201eWOW\u201d \u2013 dar dac\u0103 nu...<\/div>    \n    <div class=\"ue_post_btn_holder\"><a class=\"uc_more_btn ue-dynamic-popup-single\" href='https:\/\/magic-media.ro\/en\/strategie-de-brand-designul-tau-e-frumos-dar-nu-functioneaza\/' target=\"_self\">Citeste<\/a><\/div>    \n  <\/div>\n  \n    \n<\/div>\n<div id=\"uc_uc_card_post_carousel_elementor_84f7665_item10\" class=\"uc_image_carousel_container_holder ue_post_carousel_item ue-Uncategorized\">\n  <div class=\"uc_image_carousel_placeholder\">\n    <a href=\"https:\/\/magic-media.ro\/en\/site-ul-tau-munceste-pentru-tine-daca-nu-avem-o-problema\/\"><div class=\"uc_image_carousel_bg\" style=\"background-image:url(https:\/\/magic-media.ro\/wp-content\/uploads\/2025\/04\/postare-magic-media-joi-17-apr-768x768.jpg); background-position:center;\"><\/div><\/a>\n  <\/div>\n\n  <div class=\"uc_image_carousel_content\" >\n                <a href=\"https:\/\/magic-media.ro\/en\/site-ul-tau-munceste-pentru-tine-daca-nu-avem-o-problema\/\" style=\"text-decoration:none;\"><div class=\"uc_post_title\" style=\"text-decoration:none;\">Site-ul t\u0103u munce\u0219te pentru tine? Dac\u0103 nu, avem o problem\u0103.<\/div><\/a>    <div class=\"ue_post_intro\">In 2025, nu mai este suficient s\u0103 ai un website \u201eca s\u0103 fie\u201d. Trebuie s\u0103 ai un website care lucreaz\u0103 pentru...<\/div>    \n    <div class=\"ue_post_btn_holder\"><a class=\"uc_more_btn ue-dynamic-popup-single\" href='https:\/\/magic-media.ro\/en\/site-ul-tau-munceste-pentru-tine-daca-nu-avem-o-problema\/' target=\"_self\">Citeste<\/a><\/div>    \n  <\/div>\n  \n    \n<\/div>\n\n   <\/div>\t\n<\/div>\n\n<!-- end Post Carousel Lite -->\t\t\t\t<\/div>\n\t\t\t\t<\/div>\n\t\t\t\t\t<\/div>\n\t\t\t\t<\/div>\n\t\t\t\t<\/div>","protected":false},"excerpt":{"rendered":"<p>Blog Arta optimiz\u0103rii conversiilor \u2013 cum \u00ee\u021bi poate cre\u0219te real afacerea Ai produse sau servicii excelente. Ai muncit, ai investit, poate ai f\u0103cut deja post\u0103ri pe Facebook sau&#8230; Citeste 3 reguli de baz\u0103 \u00een designul unui logo de succes Logo-ul nu este doar o imagine. Este fa\u021ba brandului t\u0103u. Un logo reu\u0219it transmite identitate, genereaz\u0103&#8230; [&hellip;]<\/p>","protected":false},"author":1,"featured_media":0,"parent":0,"menu_order":0,"comment_status":"closed","ping_status":"closed","template":"","meta":{"site-sidebar-layout":"no-sidebar","site-content-layout":"page-builder","ast-site-content-layout":"full-width-container","site-content-style":"unboxed","site-sidebar-style":"unboxed","ast-global-header-display":"","ast-banner-title-visibility":"","ast-main-header-display":"","ast-hfb-above-header-display":"","ast-hfb-below-header-display":"","ast-hfb-mobile-header-display":"","site-post-title":"disabled","ast-breadcrumbs-content":"disabled","ast-featured-img":"disabled","footer-sml-layout":"","theme-transparent-header-meta":"enabled","adv-header-id-meta":"","stick-header-meta":"","header-above-stick-meta":"","header-main-stick-meta":"","header-below-stick-meta":"","astra-migrate-meta-layouts":"set","ast-page-background-enabled":"default","ast-page-background-meta":{"desktop":{"background-color":"","background-image":"","background-repeat":"repeat","background-position":"center center","background-size":"auto","background-attachment":"scroll","background-type":"","background-media":"","overlay-type":"","overlay-color":"","overlay-opacity":"","overlay-gradient":""},"tablet":{"background-color":"","background-image":"","background-repeat":"repeat","background-position":"center center","background-size":"auto","background-attachment":"scroll","background-type":"","background-media":"","overlay-type":"","overlay-color":"","overlay-opacity":"","overlay-gradient":""},"mobile":{"background-color":"","background-image":"","background-repeat":"repeat","background-position":"center center","background-size":"auto","background-attachment":"scroll","background-type":"","background-media":"","overlay-type":"","overlay-color":"","overlay-opacity":"","overlay-gradient":""}},"ast-content-background-meta":{"desktop":{"background-color":"var(--ast-global-color-5)","background-image":"","background-repeat":"repeat","background-position":"center center","background-size":"auto","background-attachment":"scroll","background-type":"","background-media":"","overlay-type":"","overlay-color":"","overlay-opacity":"","overlay-gradient":""},"tablet":{"background-color":"var(--ast-global-color-5)","background-image":"","background-repeat":"repeat","background-position":"center center","background-size":"auto","background-attachment":"scroll","background-type":"","background-media":"","overlay-type":"","overlay-color":"","overlay-opacity":"","overlay-gradient":""},"mobile":{"background-color":"var(--ast-global-color-5)","background-image":"","background-repeat":"repeat","background-position":"center center","background-size":"auto","background-attachment":"scroll","background-type":"","background-media":"","overlay-type":"","overlay-color":"","overlay-opacity":"","overlay-gradient":""}},"footnotes":""},"class_list":["post-1995","page","type-page","status-publish","hentry"],"aioseo_notices":[],"_links":{"self":[{"href":"https:\/\/magic-media.ro\/en\/wp-json\/wp\/v2\/pages\/1995","targetHints":{"allow":["GET"]}}],"collection":[{"href":"https:\/\/magic-media.ro\/en\/wp-json\/wp\/v2\/pages"}],"about":[{"href":"https:\/\/magic-media.ro\/en\/wp-json\/wp\/v2\/types\/page"}],"author":[{"embeddable":true,"href":"https:\/\/magic-media.ro\/en\/wp-json\/wp\/v2\/users\/1"}],"replies":[{"embeddable":true,"href":"https:\/\/magic-media.ro\/en\/wp-json\/wp\/v2\/comments?post=1995"}],"version-history":[{"count":0,"href":"https:\/\/magic-media.ro\/en\/wp-json\/wp\/v2\/pages\/1995\/revisions"}],"wp:attachment":[{"href":"https:\/\/magic-media.ro\/en\/wp-json\/wp\/v2\/media?parent=1995"}],"curies":[{"name":"wp","href":"https:\/\/api.w.org\/{rel}","templated":true}]}}